{"id":20013,"date":"2020-05-15T15:09:44","date_gmt":"2020-05-15T15:09:44","guid":{"rendered":"https:\/\/soccerinteraction.com\/borrador-4-detection-copy\/"},"modified":"2026-04-28T17:03:14","modified_gmt":"2026-04-28T15:03:14","slug":"detection-fc-porto","status":"publish","type":"page","link":"https:\/\/soccerinteraction.com\/fr\/detection-fc-porto","title":{"rendered":"D\u00e9tection Des \u00e9quipes europ\u00e9ennes professionnelles"},"content":{"rendered":"\n<pre id=\"tw-target-text\" class=\"wp-block-preformatted\"><\/pre>\n\n\n\n<p><\/p>\n","protected":false},"excerpt":{"rendered":"","protected":false},"author":1,"featured_media":0,"parent":0,"menu_order":0,"comment_status":"closed","ping_status":"closed","template":"","meta":[],"_links":{"self":[{"href":"https:\/\/soccerinteraction.com\/fr\/wp-json\/wp\/v2\/pages\/20013"}],"collection":[{"href":"https:\/\/soccerinteraction.com\/fr\/wp-json\/wp\/v2\/pages"}],"about":[{"href":"https:\/\/soccerinteraction.com\/fr\/wp-json\/wp\/v2\/types\/page"}],"author":[{"embeddable":true,"href":"https:\/\/soccerinteraction.com\/fr\/wp-json\/wp\/v2\/users\/1"}],"replies":[{"embeddable":true,"href":"https:\/\/soccerinteraction.com\/fr\/wp-json\/wp\/v2\/comments?post=20013"}],"version-history":[{"count":2,"href":"https:\/\/soccerinteraction.com\/fr\/wp-json\/wp\/v2\/pages\/20013\/revisions"}],"predecessor-version":[{"id":109767,"href":"https:\/\/soccerinteraction.com\/fr\/wp-json\/wp\/v2\/pages\/20013\/revisions\/109767"}],"wp:attachment":[{"href":"https:\/\/soccerinteraction.com\/fr\/wp-json\/wp\/v2\/media?parent=20013"}],"curies":[{"name":"wp","href":"https:\/\/api.w.org\/{rel}","templated":true}]}}