{"id":4522,"date":"2018-10-15T07:26:26","date_gmt":"2018-10-15T07:26:26","guid":{"rendered":"https:\/\/soccerinteraction.com\/?page_id=4522\/"},"modified":"2020-12-22T20:17:34","modified_gmt":"2020-12-22T20:17:34","slug":"mapa-de-paginas","status":"publish","type":"page","link":"https:\/\/soccerinteraction.com\/es\/mapa-de-paginas","title":{"rendered":"mapa de p\u00e1ginas"},"content":{"rendered":"<div class=\"wsp-container\"><h2 class=\"wsp-pages-title\">P\u00e1ginas<\/h2>\n<ul class=\"wsp-pages-list\">\n<li class=\"page_item page-item-9623\"><a href=\"https:\/\/soccerinteraction.com\/es\/academia-futbol-alto-rendimiento\/\">Academia de F\u00fatbol Alto Rendimiento<\/a><\/li>\n<li class=\"page_item page-item-43641\"><a href=\"https:\/\/soccerinteraction.com\/es\/aqui-empieza-el-camino-para-lograr-tus-metas\">Aqu\u00ed empieza el camino para lograr tus metas<\/a><\/li>\n<li class=\"page_item page-item-766\"><a href=\"https:\/\/soccerinteraction.com\/es\/aviso-legal\">Aviso Legal<\/a><\/li>\n<li class=\"page_item page-item-27341\"><a href=\"https:\/\/soccerinteraction.com\/es\/blog-spanish\">Blog-Spanish<\/a><\/li>\n<li class=\"page_item page-item-2549\"><a href=\"https:\/\/soccerinteraction.com\/es\/campus\">Campus<\/a><\/li>\n<li class=\"page_item page-item-7503\"><a href=\"https:\/\/soccerinteraction.com\/es\/campus-de-futbol-de-porteros-semana-santa\">Campus de f\u00fatbol de Porteros Semana Santa<\/a><\/li>\n<li class=\"page_item page-item-92934\"><a href=\"https:\/\/soccerinteraction.com\/es\/campus-marenostrum-cup\">Campus de f\u00fatbol de Semana Santa Marenostrum CUP<\/a><\/li>\n<li class=\"page_item page-item-5057\"><a href=\"https:\/\/soccerinteraction.com\/es\/campus-de-invierno\">Campus de F\u00fatbol Invierno<\/a><\/li>\n<li class=\"page_item page-item-6275\"><a href=\"https:\/\/soccerinteraction.com\/es\/campus-de-verano\">Campus de f\u00fatbol verano<\/a><\/li>\n<li class=\"page_item page-item-63548\"><a href=\"https:\/\/soccerinteraction.com\/es\/campus-de-futbol-valencia\">Campus de verano 2022<\/a><\/li>\n<li class=\"page_item page-item-12177\"><a href=\"https:\/\/soccerinteraction.com\/es\/campus-futbol-femenino\">Campus F\u00fatbol Femenino<\/a><\/li>\n<li class=\"page_item page-item-13879\"><a href=\"https:\/\/soccerinteraction.com\/es\/campus-futbol-femenino-de-navidad\">Campus F\u00fatbol Femenino de Navidad<\/a><\/li>\n<li class=\"page_item page-item-24621\"><a href=\"https:\/\/soccerinteraction.com\/es\/campus-futbol-navidad-valencia\">Campus Futbol Navidad Valencia<\/a><\/li>\n<li class=\"page_item page-item-7373\"><a href=\"https:\/\/soccerinteraction.com\/es\/campus-futbol-semana-santa\">Campus F\u00fatbol Semana Santa 2021<\/a><\/li>\n<li class=\"page_item page-item-49555\"><a href=\"https:\/\/soccerinteraction.com\/es\/campus-futbol-semana-santa-con-torneo-local\">Campus F\u00fatbol Semana Santa con Torneo Local(Grupos Reducidos)<\/a><\/li>\n<li class=\"page_item page-item-8151\"><a href=\"https:\/\/soccerinteraction.com\/es\/academia-de-futbol-internacional\">Centro de Alto Rendimiento para futbolistas<\/a><\/li>\n<li class=\"page_item page-item-7484\"><a href=\"https:\/\/soccerinteraction.com\/es\/clinic-futbol-semana-santa-con-torneo-internacional\">Clinic F\u00fatbol Semana Santa con Torneo Internacional<\/a><\/li>\n<li class=\"page_item page-item-8076\"><a href=\"https:\/\/soccerinteraction.com\/es\/congreso-de-futbol\/\">Congreso de F\u00fatbol<\/a><\/li>\n<li class=\"page_item page-item-15411\"><a href=\"https:\/\/soccerinteraction.com\/es\/curso-entrenador-porteros-sia\">Curso entrenador de porteros SIA<\/a><\/li>\n<li class=\"page_item page-item-7760\"><a href=\"https:\/\/soccerinteraction.com\/es\/curso-entrenador-futbol\">Cursos de Entrenador de f\u00fatbol<\/a><\/li>\n<li class=\"page_item page-item-32821\"><a href=\"https:\/\/soccerinteraction.com\/es\/donosti-cup-2021\">Donosti cup 2021<\/a><\/li>\n<li class=\"page_item page-item-11553\"><a href=\"https:\/\/soccerinteraction.com\/es\/fc-porto-cazatalentos\/\">FC Porto Cazatalentos en Soccer Inter-Action<\/a><\/li>\n<li class=\"page_item page-item-20849\"><a href=\"https:\/\/soccerinteraction.com\/es\/formulario-fc-porto\">Formulario Equipos Europeos<\/a><\/li>\n<li class=\"page_item page-item-43772\"><a href=\"https:\/\/soccerinteraction.com\/es\/formulario-informacion-landing\">Formulario informacion Landing<\/a><\/li>\n<li class=\"page_item page-item-20851\"><a href=\"https:\/\/soccerinteraction.com\/es\/formulario-sia-beniganim\">Formulario Sia Beniganim<\/a><\/li>\n<li class=\"page_item page-item-75940\"><a href=\"https:\/\/soccerinteraction.com\/es\/gracias\">Gracias<\/a><\/li>\n<li class=\"page_item page-item-82785\"><a href=\"https:\/\/soccerinteraction.com\/es\/gracias\">Gracias Copiar<\/a><\/li>\n<li class=\"page_item page-item-20795\"><a href=\"https:\/\/soccerinteraction.com\/es\/gracias-fc-porto\">Gracias Pruebas Equipos Europeos<\/a><\/li>\n<li class=\"page_item page-item-20794\"><a href=\"https:\/\/soccerinteraction.com\/es\/gracias-sia-beniganim\">Gracias Sia Beniganim<\/a><\/li>\n<li class=\"page_item page-item-43063\"><a href=\"https:\/\/soccerinteraction.com\/es\">Home Espa\u00f1ol<\/a><\/li>\n<li class=\"page_item page-item-28266\"><a href=\"https:\/\/soccerinteraction.com\/es\/importante-victoria-para-el-juvenil-a-de-dragon-force\">IMPORTANTE VICTORIA PARA EL JUVENIL A DE DRAGON FORCE<\/a><\/li>\n<li class=\"page_item page-item-82628\"><a href=\"https:\/\/soccerinteraction.com\/es\/instalaciones\">INSTALACIONES<\/a><\/li>\n<li class=\"page_item page-item-79826\"><a href=\"https:\/\/soccerinteraction.com\/es\/landing-academy\">Landing Academy ES<\/a><\/li>\n<li class=\"page_item page-item-80484\"><a href=\"https:\/\/soccerinteraction.com\/es\/landing-campus\">Landing Campus<\/a><\/li>\n<li class=\"page_item page-item-95232\"><a href=\"https:\/\/soccerinteraction.com\/es\/landing-campus-verano\">Landing Campus Verano ES<\/a><\/li>\n<li class=\"page_item page-item-51931\"><a href=\"https:\/\/soccerinteraction.com\/es\/campus-pascua-sia-yellowcup\">Landing Semana Santa<\/a><\/li>\n<li class=\"page_item page-item-80481\"><a href=\"https:\/\/soccerinteraction.com\/es\/landing-tryouts-verano\">Landing Tryouts Verano ES<\/a><\/li>\n<li class=\"page_item page-item-4522\"><a href=\"https:\/\/soccerinteraction.com\/es\/mapa-de-paginas\">mapa de p\u00e1ginas<\/a><\/li>\n<li class=\"page_item page-item-13906\"><a href=\"https:\/\/soccerinteraction.com\/es\/masterclass\">Masterclass<\/a><\/li>\n<li class=\"page_item page-item-82784\"><a href=\"https:\/\/soccerinteraction.com\/es\/proxima-temporada\">MENSAJE PROGRAMACI\u00d3N PR\u00d3XIMA TEMPORADA<\/a><\/li>\n<li class=\"page_item page-item-144\"><a href=\"https:\/\/soccerinteraction.com\/es\/nosotros-periodizacion-tactica\">Nosotros<\/a><\/li>\n<li class=\"page_item page-item-14998\"><a href=\"https:\/\/soccerinteraction.com\/es\/contacto\">P\u00e1gina de contactos<\/a><\/li>\n<li class=\"page_item page-item-38635\"><a href=\"https:\/\/soccerinteraction.com\/es\/politica-de-cookies\">Pol\u00edtica de Cookies<\/a><\/li>\n<li class=\"page_item page-item-768\"><a href=\"https:\/\/soccerinteraction.com\/es\/politica-de-privacidad\">Pol\u00edtica de Privacidad<\/a><\/li>\n<li class=\"page_item page-item-54265\"><a href=\"https:\/\/soccerinteraction.com\/es\/profesionales-contacto\">Profesionales Contacto<\/a><\/li>\n<li class=\"page_item page-item-97198\"><a href=\"https:\/\/soccerinteraction.com\/es\/next-gen\">Programa Next Gen Soccer PRO<\/a><\/li>\n<li class=\"page_item page-item-4720\"><a href=\"https:\/\/soccerinteraction.com\/es\/propuesta-formativa\">Propuesta formativa seg\u00fan necesidades educativas del jugador<\/a><\/li>\n<li class=\"page_item page-item-20721\"><a href=\"https:\/\/soccerinteraction.com\/es\/pruebas-sia-beniganim\">Pruebas de F\u00fatbol en Espa\u00f1a Segunda Divisi\u00f3n RFEF<\/a><\/li>\n<li class=\"page_item page-item-20720\"><a href=\"https:\/\/soccerinteraction.com\/es\/pruebas-fc-porto\">Pruebas FC-Porto<\/a><\/li>\n<li class=\"page_item page-item-12779\"><a href=\"https:\/\/soccerinteraction.com\/es\/pruebas-soccer-inter-action\">Pruebas Soccer Inter-Action<\/a><\/li>\n<li class=\"page_item page-item-11116\"><a href=\"https:\/\/soccerinteraction.com\/es\/rocarsa-cup\">Rocarsa-cup<\/a><\/li>\n<li class=\"page_item page-item-7\"><a href=\"https:\/\/soccerinteraction.com\/es\/sia-academia-de-futbol\">SIA Academia F\u00fatbol<\/a><\/li>\n<li class=\"page_item page-item-52\"><a href=\"https:\/\/soccerinteraction.com\/es\/sia-academia-para-entrenadores\">SIA Academia para Entrenadores<\/a><\/li>\n<li class=\"page_item page-item-45\"><a href=\"https:\/\/soccerinteraction.com\/es\/sia-academia-para-jugadores\">SIA Academia para jugadores<\/a><\/li>\n<li class=\"page_item page-item-153\"><a href=\"https:\/\/soccerinteraction.com\/es\/sia-academia-para-porteros\">SIA Academia para Porteros<\/a><\/li>\n<li class=\"page_item page-item-25516\"><a href=\"https:\/\/soccerinteraction.com\/es\/sia-centro\">SIA Centro<\/a><\/li>\n<li class=\"page_item page-item-139\"><a href=\"https:\/\/soccerinteraction.com\/es\/sia-international\">Sia International<\/a><\/li>\n<li class=\"page_item page-item-1124\"><a href=\"https:\/\/soccerinteraction.com\/es\/sia-noticias-futbol\">Sia-Noticias-de futbol<\/a><\/li>\n<li class=\"page_item page-item-105551\"><a href=\"https:\/\/soccerinteraction.com\/es\/trials-portugal\">Tour en Portugal<\/a><\/li>\n<li class=\"page_item page-item-82357\"><a href=\"https:\/\/soccerinteraction.com\/es\/ubicacion\">UBICACI\u00d3N<\/a><\/li>\n<li class=\"page_item page-item-52063\"><a href=\"https:\/\/soccerinteraction.com\/es\/yellow-cup-easter22\">Villarreal Yellow Cup Easter<\/a><\/li>\n<\/ul>\n<\/div>\n","protected":false},"excerpt":{"rendered":"","protected":false},"author":1,"featured_media":0,"parent":0,"menu_order":0,"comment_status":"closed","ping_status":"closed","template":"","meta":[],"_links":{"self":[{"href":"https:\/\/soccerinteraction.com\/es\/wp-json\/wp\/v2\/pages\/4522"}],"collection":[{"href":"https:\/\/soccerinteraction.com\/es\/wp-json\/wp\/v2\/pages"}],"about":[{"href":"https:\/\/soccerinteraction.com\/es\/wp-json\/wp\/v2\/types\/page"}],"author":[{"embeddable":true,"href":"https:\/\/soccerinteraction.com\/es\/wp-json\/wp\/v2\/users\/1"}],"replies":[{"embeddable":true,"href":"https:\/\/soccerinteraction.com\/es\/wp-json\/wp\/v2\/comments?post=4522"}],"version-history":[{"count":0,"href":"https:\/\/soccerinteraction.com\/es\/wp-json\/wp\/v2\/pages\/4522\/revisions"}],"wp:attachment":[{"href":"https:\/\/soccerinteraction.com\/es\/wp-json\/wp\/v2\/media?parent=4522"}],"curies":[{"name":"wp","href":"https:\/\/api.w.org\/{rel}","templated":true}]}}