{"id":20721,"date":"2020-05-31T07:46:31","date_gmt":"2020-05-31T07:46:31","guid":{"rendered":"https:\/\/soccerinteraction.com\/detection-sia-beniganim-copy-copy"},"modified":"2025-12-02T13:46:14","modified_gmt":"2025-12-02T11:46:14","slug":"pruebas-tercera-division","status":"publish","type":"page","link":"https:\/\/soccerinteraction.com\/es\/pruebas-sia-beniganim","title":{"rendered":"Pruebas de F\u00fatbol en Espa\u00f1a Segunda Divisi\u00f3n RFEF"},"content":{"rendered":"","protected":false},"excerpt":{"rendered":"","protected":false},"author":1,"featured_media":77937,"parent":0,"menu_order":0,"comment_status":"closed","ping_status":"closed","template":"","meta":[],"_links":{"self":[{"href":"https:\/\/soccerinteraction.com\/es\/wp-json\/wp\/v2\/pages\/20721"}],"collection":[{"href":"https:\/\/soccerinteraction.com\/es\/wp-json\/wp\/v2\/pages"}],"about":[{"href":"https:\/\/soccerinteraction.com\/es\/wp-json\/wp\/v2\/types\/page"}],"author":[{"embeddable":true,"href":"https:\/\/soccerinteraction.com\/es\/wp-json\/wp\/v2\/users\/1"}],"replies":[{"embeddable":true,"href":"https:\/\/soccerinteraction.com\/es\/wp-json\/wp\/v2\/comments?post=20721"}],"version-history":[{"count":0,"href":"https:\/\/soccerinteraction.com\/es\/wp-json\/wp\/v2\/pages\/20721\/revisions"}],"wp:featuredmedia":[{"embeddable":true,"href":"https:\/\/soccerinteraction.com\/es\/wp-json\/wp\/v2\/media\/77937"}],"wp:attachment":[{"href":"https:\/\/soccerinteraction.com\/es\/wp-json\/wp\/v2\/media?parent=20721"}],"curies":[{"name":"wp","href":"https:\/\/api.w.org\/{rel}","templated":true}]}}