{"id":144,"date":"2017-06-21T13:53:16","date_gmt":"2017-06-21T13:53:16","guid":{"rendered":"http:\/\/spain.soccerinteraction.com\/spain\/?page_id=144"},"modified":"2025-12-02T13:53:55","modified_gmt":"2025-12-02T11:53:55","slug":"nosotros-periodizacion-tactica","status":"publish","type":"page","link":"https:\/\/soccerinteraction.com\/es\/nosotros-periodizacion-tactica","title":{"rendered":"Nosotros"},"content":{"rendered":"<h1>Periodizaci\u00f3n t\u00e1ctica en una academia de f\u00fatbol internacional en Espa\u00f1a.<\/h1>\n<p>La <b>\u00abPeriodizaci\u00f3n T\u00e1ctica\u00bb<\/b> es una Metodolog\u00eda de Entrenamiento utilizada en el f\u00fatbol. Surge hace m\u00e1s de treinta a\u00f1os de la cabeza del Profesor V\u00edtor Frade. A trav\u00e9s de experiencias que le van ocurriendo, comienza a cuestionarse las Metodolog\u00edas de Entrenamiento existentes hasta el momento. Se entiende que el f\u00fatbol y el \u00abjuego\u00bb que un equipo produce no pueden comprenderse desde el Pensamiento Cient\u00edfico Cl\u00e1sico . Osea(anal\u00edtico y descontextualizador) dada su globalidad, imprevisibilidad y estado no-lineal. Decide buscar en Teor\u00edas m\u00e1s adecuadas a los tipos de problemas que \u00e9stos plantean. Llegando a Teor\u00edas Sistem\u00e1ticas, que junto a ciertos Principios Metodol\u00f3gicos preconizados acaban por configurar la \u00abPeriodizaci\u00f3n T\u00e1ctica\u00bb.<\/p>\n<p>La \u00abPeriodizaci\u00f3n T\u00e1ctica\u00bb es una Metodolog\u00eda de Entrenamiento. La preocupaci\u00f3n m\u00e1xima es el \u00abjugar\u00bb que un Equipo desea en la competici\u00f3n.\u200b<\/p>\n<h2>Modelo de juego<\/h2>\n<p>Por ello que el Modelo de Juego se asume como gu\u00eda de todo el Proceso. Se produce una modelaci\u00f3n a trav\u00e9s de los Principios, Subprincipios y Subsubprincipios del \u00abJuego\u00bb que lo forman. Consigue alcanzar una adaptaci\u00f3n Espec\u00edfica y de calidad al respetar los Principios Metodol\u00f3gicos que lo sustentan.<\/p>\n<h2>El Entrenamiento<\/h2>\n<p>El Entrenamiento debe cobrar una importancia extrema a nivel t\u00e1ctico. Se tratan todos los aspectos que el Entrenador quiere que ocurran (Modelo de Juego) . Dentro del terreno de juego en los distintos momentos que el F\u00fatbol posee (momento ofensivo, momento defensivo, transici\u00f3n ataque &#8211; defensa y transici\u00f3n defensa &#8211; ataque).<\/p>\n<p>Los Principios son comportamientos generales que el Entrenador quiere que se den dentro de su \u00abjuego\u00bb.\u200b Los Subprincipios ser\u00e1n comportamientos m\u00e1s espec\u00edficos que se dar\u00e1n dentro de ese comportamiento general. Por lo tanto, los ejercicios deben ser la simplificaci\u00f3n del \u00abJuego\u00bb, de estructuras complejas, a trav\u00e9s de Principio y Subprincipios, que vendr\u00edan a conformar el Modelo de Juego pretendido.<sup id=\"cite_ref-13\" class=\"reference separada\"><\/sup><\/p>\n<p>Esta Metodolog\u00eda de Entrenamiento se basa en la operacionalizaci\u00f3n del Modelo de Juego.\u00a0 El Entrenador crea, y los respectivos Principios y Subprincipios\u00a0 le dan cuerpo. La preocupaci\u00f3n debe ser desde el primer d\u00eda conseguir hacer \u00abJugar\u00bb al Equipo como el Entrenador pretende, o sea, en funci\u00f3n del Modelo de Juego. El factor t\u00e1ctico quien haga aparecer por arrastre el resto de factores, consiguiendo de esta forma una Especificidad en todos los aspectos, subordinada a una forma determinada de \u00abjugar\u00bb. Se habla de una Especificidad total en cada una de las dimensiones, esto es, una Especificidad que acompa\u00f1a al \u00abjuego\u00bb que pretende desarrollar el Equipo en todos sus factores (Especificidad t\u00e1ctica, t\u00e9cnica, f\u00edsica y psicol\u00f3gica).\u200b De este modo surge en la Metodolog\u00eda el Principio de Especificidad, que debe ser cumplido en todo momento del entrenamiento. Pasa a determinarse como el Principio de Principios de la \u00abPeriodizaci\u00f3n T\u00e1ctica\u00bb.<\/p>\n<h2>Momentos de competici\u00f3n<\/h2>\n<p>De esta forma, los ejercicios que procuren la organizaci\u00f3n de un Equipo deben simular momentos de la competici\u00f3n, y ese simular se tiene que traducir en ejercicios que en su propia esencia no descontextualicen aquello que es o va a ser la realidad competitiva.\u200b Es por ello que se debe conseguir que el mayor n\u00famero de jugadores piensen de la misma manera ante una situaci\u00f3n dada.Que tengan un objetivo claro desde el primer d\u00eda.<\/p>\n<p>La \u00abPeriodizaci\u00f3n T\u00e1ctica\u00bb trabaja siempre en Especificidad, no dando lugar, por tanto, a ejercicios anal\u00edticos y descontextualizados.\u200b Es por ello que rechaza entrenamientos f\u00edsicos o t\u00e9cnicos separados del Modelo de Juego. Esto conduce a una Especificidad en el Proceso con sus posteriores consecuencias.<\/p>\n<h2>Mourinnho y la periodizaci\u00f3n t\u00e1ctica<\/h2>\n<p>Como dijo Mourinho en el libro \u00bfPor qu\u00e9 tantas victorias? (Oliveira, Resende, Amieiro y Barreto, 2011).Mis equipos comienzan a entrenar el modelo de juego desde el primer d\u00eda. En pretemporada no se hacen trabajo espec\u00edfico sobre la mejora del f\u00edsico, sino que comienzan afianzar \u00absu jugar bien\u00bb. Otro aspecto a destacar, es que esta metodolog\u00eda se diferencia al m\u00e9todo integral en que el bal\u00f3n no est\u00e1 presente como un elemento para la mejora del f\u00edsico, sino para la mejora t\u00e1ctica.<\/p>\n<p>Sin duda alguna, esta metodolog\u00eda deja atr\u00e1s a las tradicionales, donde la mayor preocupaci\u00f3n es el f\u00edsico. Se trabaja teniendo en cuenta un factor determinante en la naturalidad del f\u00fatbol como es la aleatoriedad, es decir, los ejercicios no est\u00e1n cerrados, sino que permiten la libertad de expresi\u00f3n siempre y cuando se respete el conjunto.<\/p>\n<h2>Las dimensiones del f\u00fatbol<\/h2>\n<p>Las dimensiones del f\u00fatbol (t\u00e9cnica, t\u00e1ctica, f\u00edsica y psicol\u00f3gica) se trabaja de forma global. Adem\u00e1s, Mourinho no es capaz de dotarle un porcentaje a cada una de ella seg\u00fan su importancia. Ni incidencia en el juego. Para \u00e9l un equipo tiene que estar preparado al 100% de lo que exige su modelo de juego. Cabe destacar, que los ejercicios requiere una alta concentraci\u00f3n (intensidad emocional). Junto con su \u00abpreparador f\u00edsico\u00bb, al cual le reconoce como mucho m\u00e1s que eso, desmontan los mitos de los picos de forma, de la intensidad (entendida como \u00fanicamente desgaste energ\u00e9tico), el volumen y las cargas f\u00edsicas.<\/p>\n<p>Uno de los resultados m\u00e1s importante de este trabajo es el asombro y la motivaci\u00f3n de los jugadores. Con este m\u00e9todo se entrena como se juega. En el momento del salir al campo en un partido, saben desde el primer momento lo que tiene que realizar. Para Mourinho la duraci\u00f3n tiene que ser la justa, es decir, una hora y media (lo que dura el partido).<\/p>\n","protected":false},"excerpt":{"rendered":"<p>Periodizaci\u00f3n t\u00e1ctica en una academia de f\u00fatbol internacional en Espa\u00f1a. La \u00abPeriodizaci\u00f3n T\u00e1ctica\u00bb es una Metodolog\u00eda de Entrenamiento utilizada en el f\u00fatbol. Surge hace m\u00e1s de treinta a\u00f1os de la cabeza del Profesor V\u00edtor Frade. A trav\u00e9s de experiencias que le van ocurriendo, comienza a cuestionarse las Metodolog\u00edas de Entrenamiento existentes hasta el momento. Se<\/p>\n","protected":false},"author":1,"featured_media":0,"parent":0,"menu_order":0,"comment_status":"closed","ping_status":"closed","template":"","meta":[],"_links":{"self":[{"href":"https:\/\/soccerinteraction.com\/es\/wp-json\/wp\/v2\/pages\/144"}],"collection":[{"href":"https:\/\/soccerinteraction.com\/es\/wp-json\/wp\/v2\/pages"}],"about":[{"href":"https:\/\/soccerinteraction.com\/es\/wp-json\/wp\/v2\/types\/page"}],"author":[{"embeddable":true,"href":"https:\/\/soccerinteraction.com\/es\/wp-json\/wp\/v2\/users\/1"}],"replies":[{"embeddable":true,"href":"https:\/\/soccerinteraction.com\/es\/wp-json\/wp\/v2\/comments?post=144"}],"version-history":[{"count":0,"href":"https:\/\/soccerinteraction.com\/es\/wp-json\/wp\/v2\/pages\/144\/revisions"}],"wp:attachment":[{"href":"https:\/\/soccerinteraction.com\/es\/wp-json\/wp\/v2\/media?parent=144"}],"curies":[{"name":"wp","href":"https:\/\/api.w.org\/{rel}","templated":true}]}}